{"id":9,"date":"2025-07-22T15:00:45","date_gmt":"2025-07-22T18:00:45","guid":{"rendered":"http:\/\/retroshooter.com.br\/?page_id=9"},"modified":"2025-08-04T16:33:56","modified_gmt":"2025-08-04T19:33:56","slug":"homepage","status":"publish","type":"page","link":"https:\/\/retroshooter.com.br\/","title":{"rendered":"Retro Shooter Brasil"},"content":{"rendered":"\n<h2 class=\"wp-block-heading has-text-align-center\"><br><br>A melhor lightgun DO MUNDO, agora no BRASIL!<\/h2>\n\n\n\n<div class=\"wp-block-media-text is-stacked-on-mobile has-background\" style=\"background-color:#FFF\"><figure class=\"wp-block-media-text__media\"><video controls src=\"https:\/\/retroshooter.com.br\/wp-content\/uploads\/2025\/07\/Gixer_Retroshooter_Retrocon.mp4\"><\/video><\/figure><div class=\"wp-block-media-text__content\">\n<div class=\"wp-block-buttons is-content-justification-center is-layout-flex wp-container-core-buttons-is-layout-a89b3969 wp-block-buttons-is-layout-flex\">\n<div class=\"wp-block-button is-style-fill\"><a class=\"wp-block-button__link has-text-align-center wp-element-button\">A\u00a0<strong>Gixer Entertainment<\/strong>\u00a0\u00e9 a importadora oficial da RS3 Reaper Retro Shooter Lightgun, que renova a cl\u00e1ssica experi\u00eancia dos fliperamas. O acess\u00f3rio, que esteve dispon\u00edvel para teste e venda na Retrocon 2025, que aconteceu de 25 a 27 de julho, em S\u00e3o Paulo, estar\u00e1 em breve a venda online.<br><br>A Retro Shooter \u00e9 compat\u00edvel com diversas plataformas, incluindo PC, Mac, Linux e Raspberry Pie, e pode ser utilizada em jogos do Steam e emuladores. Ela traz tamb\u00e9m fun\u00e7\u00f5es e caracter\u00edsticas atualizadas com tecnologias modernas, incluindo um solen\u00f3ide de 24V para uma sensa\u00e7\u00e3o de recuo poderosa.<br><br>Al\u00e9m da pistola, o kit acompanha de brinde um console compacto que inclui jogos feitos exclusivamente para o perif\u00e9rico que pode ser conectado diretamente a TVs por meio de cabo HDMI. O pacote inclui tamb\u00e9m todos os cabos e sensores necess\u00e1rios para usar a Retro Shooter, assim como um pedal para recriar com mais precis\u00e3o a sensa\u00e7\u00e3o de gameplay em t\u00edtulos que utilizam esse recurso.<br><br>Outras caracter\u00edsticas da Retro Shooter incluem:<br>\u2022 Bot\u00f5es Start, ESC e alavanca anal\u00f3gica, para facilitar navega\u00e7\u00e3o em menus de jogo<br>\u2022 Luzes de LED customiz\u00e1veis<br>\u2022 Fun\u00e7\u00f5es de recuo autom\u00e1tico e semi-autom\u00e1tico<br>\u2022 Compatibilidade com Mamehooker<br><br>o Kit RetroShooter estar\u00e1 dispon\u00edvel no Brasil em breve. Fiquem ligados.<\/a><\/div>\n<\/div>\n<\/div><\/div>\n\n\n\n<h2 class=\"wp-block-heading\"><\/h2>\n\n\n\n<figure class=\"wp-block-image aligncenter size-large\"><img loading=\"lazy\" decoding=\"async\" width=\"1024\" height=\"724\" src=\"https:\/\/retroshooter.com.br\/wp-content\/uploads\/2025\/07\/KitRetroShooterBrasil-1024x724.jpg\" alt=\"\" class=\"wp-image-55\" srcset=\"https:\/\/retroshooter.com.br\/wp-content\/uploads\/2025\/07\/KitRetroShooterBrasil-1024x724.jpg 1024w, https:\/\/retroshooter.com.br\/wp-content\/uploads\/2025\/07\/KitRetroShooterBrasil-300x212.jpg 300w, https:\/\/retroshooter.com.br\/wp-content\/uploads\/2025\/07\/KitRetroShooterBrasil-2000x1414.jpg 2000w\" sizes=\"auto, (max-width: 1024px) 100vw, 1024px\" \/><\/figure>\n\n\n\n<p class=\"has-text-align-center\">Para Pr\u00e9-Venda: <a href=\"mailto:contato@retroshooter.com.br\">contato@retroshooter.com.br<\/a><\/p>\n","protected":false},"excerpt":{"rendered":"<p>A melhor lightgun DO MUNDO, agora no BRASIL! Para Pr\u00e9-Venda: contato@retroshooter.com.br<\/p>\n","protected":false},"author":1,"featured_media":0,"parent":0,"menu_order":0,"comment_status":"closed","ping_status":"closed","template":"page-templates\/homepage-builder-bb.php","meta":{"footnotes":""},"class_list":["post-9","page","type-page","status-publish","hentry"],"_links":{"self":[{"href":"https:\/\/retroshooter.com.br\/index.php?rest_route=\/wp\/v2\/pages\/9","targetHints":{"allow":["GET"]}}],"collection":[{"href":"https:\/\/retroshooter.com.br\/index.php?rest_route=\/wp\/v2\/pages"}],"about":[{"href":"https:\/\/retroshooter.com.br\/index.php?rest_route=\/wp\/v2\/types\/page"}],"author":[{"embeddable":true,"href":"https:\/\/retroshooter.com.br\/index.php?rest_route=\/wp\/v2\/users\/1"}],"replies":[{"embeddable":true,"href":"https:\/\/retroshooter.com.br\/index.php?rest_route=%2Fwp%2Fv2%2Fcomments&post=9"}],"version-history":[{"count":24,"href":"https:\/\/retroshooter.com.br\/index.php?rest_route=\/wp\/v2\/pages\/9\/revisions"}],"predecessor-version":[{"id":73,"href":"https:\/\/retroshooter.com.br\/index.php?rest_route=\/wp\/v2\/pages\/9\/revisions\/73"}],"wp:attachment":[{"href":"https:\/\/retroshooter.com.br\/index.php?rest_route=%2Fwp%2Fv2%2Fmedia&parent=9"}],"curies":[{"name":"wp","href":"https:\/\/api.w.org\/{rel}","templated":true}]}}